{"id":4253,"date":"2022-08-03T11:26:48","date_gmt":"2022-08-03T11:26:48","guid":{"rendered":"https:\/\/castelldencus.com\/producto\/saktih\/"},"modified":"2026-01-14T21:56:24","modified_gmt":"2026-01-14T21:56:24","slug":"saktih","status":"publish","type":"product","link":"https:\/\/castelldencus.com\/es\/producto\/saktih\/","title":{"rendered":"Saktih Petit Verdot 2017"},"content":{"rendered":"","protected":false},"excerpt":{"rendered":"<table style=\"border-collapse: collapse; width: 100%; height: 208px;\">\n<tbody>\n<tr style=\"height: 23px; border-bottom: 1px solid;\">\n<td style=\"width: 30%; height: 23px;\">TIPO<\/td>\n<td style=\"width: 70%; height: 23px;\">Tinto<\/td>\n<\/tr>\n<tr style=\"height: 23px; border-bottom: 1px solid;\">\n<td style=\"width: 30%; height: 23px;\">VARIEDAD<\/td>\n<td style=\"width: 70%; height: 23px;\">100% Petit Verdot<\/td>\n<\/tr>\n<tr style=\"height: 23px; border-bottom: 1px solid;\">\n<td style=\"width: 30%; height: 23px;\">COSECHA<\/td>\n<td style=\"width: 70%; height: 23px;\">2017<\/td>\n<\/tr>\n<tr style=\"height: 23px; border-bottom: 1px solid;\">\n<td style=\"width: 30%; height: 23px;\">GRADO ALCOH\u00d3LICO<\/td>\n<td style=\"width: 70%; height: 23px;\">14 % vol.<\/td>\n<\/tr>\n<tr style=\"height: 23px; border-bottom: 1px solid;\">\n<td style=\"width: 30%; height: 23px;\">PH<\/td>\n<td style=\"width: 70%; height: 23px;\">3,55<\/td>\n<\/tr>\n<tr style=\"height: 23px; border-bottom: 1px solid;\">\n<td style=\"width: 30%; height: 23px;\">ACIDEZ TOTAL<\/td>\n<td style=\"width: 70%; height: 23px;\">5,5 g\/l<\/td>\n<\/tr>\n<tr style=\"height: 47px; border-bottom: 1px solid;\">\n<td style=\"width: 30%; height: 47px;\">NOTA DE CATA<\/td>\n<td style=\"width: 70%; height: 47px;\">Se produce una lucha entre la acidez y el equilibrio de los taninos, especialmente cierto en el caso de Petit Verdot. Esta es una de las causas por la que no hay apenas vinos puros de esta variedad. Cultivar el vi\u00f1edo en un suelo calc\u00e1reo y con bajo contenido org\u00e1nico, el conocimiento y un objetivo claro del estilo con estas notas antag\u00f3nicas, se unen para alcanzar este equilibrio<\/td>\n<\/tr>\n<tr style=\"height: 23px; border-bottom: 1px solid;\">\n<td style=\"width: 30%; height: 23px;\">PUNTUACI\u00d3N<\/td>\n<td style=\"width: 70%; height: 23px;\">93+ RP | 96 Hudin<\/td>\n<\/tr>\n<\/tbody>\n<\/table>\n<p>FICHA T\u00c9CNICA PDF<\/p>\n<table style=\"border-collapse: collapse; width: 100%;\">\n<tbody>\n<tr>\n<td style=\"width: 30%;\">\t<a class=\"paoc-popup-click paoc-popup-cust-5048 paoc-popup-button paoc-popup-btn \" href=\"javascript:void(0);\">2017<\/a>\r\n<\/td>\n<\/tr>\n<\/tbody>\n<\/table>\n","protected":false},"featured_media":12157,"template":"","meta":{"_et_pb_use_builder":"off","_et_pb_old_content":"","_et_gb_content_width":""},"product_brand":[],"product_cat":[287],"product_tag":[],"class_list":{"0":"post-4253","1":"product","2":"type-product","3":"status-publish","4":"has-post-thumbnail","6":"product_cat-saktih-es","8":"first","9":"instock","10":"shipping-taxable","11":"purchasable","12":"product-type-simple"},"yoast_head":"<!-- This site is optimized with the Yoast SEO plugin v27.2 - https:\/\/yoast.com\/product\/yoast-seo-wordpress\/ -->\n<title>Saktih Petit Verdot 2017 - Castell d\u2019Encus<\/title>\n<meta name=\"robots\" content=\"index, follow, max-snippet:-1, max-image-preview:large, max-video-preview:-1\" \/>\n<link rel=\"canonical\" href=\"https:\/\/castelldencus.com\/es\/producto\/saktih\/\" \/>\n<meta property=\"og:locale\" content=\"es_ES\" \/>\n<meta property=\"og:type\" content=\"article\" \/>\n<meta property=\"og:title\" content=\"Saktih Petit Verdot 2017 - Castell d\u2019Encus\" \/>\n<meta property=\"og:description\" content=\"TIPO Tinto   VARIEDAD 100% Petit Verdot   COSECHA 2017   GRADO ALCOH\u00d3LICO 14 % vol.   PH 3,55   ACIDEZ TOTAL 5,5 g\/l   NOTA DE CATA Se produce una lucha entre la acidez y el equilibrio de los taninos, especialmente cierto en el caso de Petit Verdot. Esta es una de las causas por la que no hay apenas vinos puros de esta variedad. Cultivar el vi\u00f1edo en un suelo calc\u00e1reo y con bajo contenido org\u00e1nico, el conocimiento y un objetivo claro del estilo con estas notas antag\u00f3nicas, se unen para alcanzar este equilibrio   PUNTUACI\u00d3N 93+ RP | 96 Hudin    FICHA T\u00c9CNICA PDF\" \/>\n<meta property=\"og:url\" content=\"https:\/\/castelldencus.com\/es\/producto\/saktih\/\" \/>\n<meta property=\"og:site_name\" content=\"Castell d\u2019Encus\" \/>\n<meta property=\"article:modified_time\" content=\"2026-01-14T21:56:24+00:00\" \/>\n<meta property=\"og:image\" content=\"https:\/\/castelldencus.com\/wp-content\/uploads\/2022\/08\/saktih_2017_b-scaled.png\" \/>\n\t<meta property=\"og:image:width\" content=\"2560\" \/>\n\t<meta property=\"og:image:height\" content=\"2560\" \/>\n\t<meta property=\"og:image:type\" content=\"image\/png\" \/>\n<meta name=\"twitter:card\" content=\"summary_large_image\" \/>\n<meta name=\"twitter:label1\" content=\"Tiempo de lectura\" \/>\n\t<meta name=\"twitter:data1\" content=\"1 minuto\" \/>\n<script type=\"application\/ld+json\" class=\"yoast-schema-graph\">{\"@context\":\"https:\/\/schema.org\",\"@graph\":[{\"@type\":\"WebPage\",\"@id\":\"https:\/\/castelldencus.com\/es\/producto\/saktih\/\",\"url\":\"https:\/\/castelldencus.com\/es\/producto\/saktih\/\",\"name\":\"Saktih Petit Verdot 2017 - Castell d\u2019Encus\",\"isPartOf\":{\"@id\":\"https:\/\/castelldencus.com\/#website\"},\"primaryImageOfPage\":{\"@id\":\"https:\/\/castelldencus.com\/es\/producto\/saktih\/#primaryimage\"},\"image\":{\"@id\":\"https:\/\/castelldencus.com\/es\/producto\/saktih\/#primaryimage\"},\"thumbnailUrl\":\"https:\/\/castelldencus.com\/wp-content\/uploads\/2022\/08\/saktih_2017_b-scaled.png\",\"datePublished\":\"2022-08-03T11:26:48+00:00\",\"dateModified\":\"2026-01-14T21:56:24+00:00\",\"breadcrumb\":{\"@id\":\"https:\/\/castelldencus.com\/es\/producto\/saktih\/#breadcrumb\"},\"inLanguage\":\"es\",\"potentialAction\":[{\"@type\":\"ReadAction\",\"target\":[\"https:\/\/castelldencus.com\/es\/producto\/saktih\/\"]}]},{\"@type\":\"ImageObject\",\"inLanguage\":\"es\",\"@id\":\"https:\/\/castelldencus.com\/es\/producto\/saktih\/#primaryimage\",\"url\":\"https:\/\/castelldencus.com\/wp-content\/uploads\/2022\/08\/saktih_2017_b-scaled.png\",\"contentUrl\":\"https:\/\/castelldencus.com\/wp-content\/uploads\/2022\/08\/saktih_2017_b-scaled.png\",\"width\":2560,\"height\":2560},{\"@type\":\"BreadcrumbList\",\"@id\":\"https:\/\/castelldencus.com\/es\/producto\/saktih\/#breadcrumb\",\"itemListElement\":[{\"@type\":\"ListItem\",\"position\":1,\"name\":\"Home\",\"item\":\"https:\/\/castelldencus.com\/es\/\"},{\"@type\":\"ListItem\",\"position\":2,\"name\":\"TIENDA\",\"item\":\"https:\/\/castelldencus.com\/es\/tienda\/\"},{\"@type\":\"ListItem\",\"position\":3,\"name\":\"Saktih Petit Verdot 2017\"}]},{\"@type\":\"WebSite\",\"@id\":\"https:\/\/castelldencus.com\/#website\",\"url\":\"https:\/\/castelldencus.com\/\",\"name\":\"Castell d\u2019Encus\",\"description\":\"Celler | Castell d&#039;Encus | Catalunya\",\"potentialAction\":[{\"@type\":\"SearchAction\",\"target\":{\"@type\":\"EntryPoint\",\"urlTemplate\":\"https:\/\/castelldencus.com\/?s={search_term_string}\"},\"query-input\":{\"@type\":\"PropertyValueSpecification\",\"valueRequired\":true,\"valueName\":\"search_term_string\"}}],\"inLanguage\":\"es\"}]}<\/script>\n<!-- \/ Yoast SEO plugin. -->","yoast_head_json":{"title":"Saktih Petit Verdot 2017 - Castell d\u2019Encus","robots":{"index":"index","follow":"follow","max-snippet":"max-snippet:-1","max-image-preview":"max-image-preview:large","max-video-preview":"max-video-preview:-1"},"canonical":"https:\/\/castelldencus.com\/es\/producto\/saktih\/","og_locale":"es_ES","og_type":"article","og_title":"Saktih Petit Verdot 2017 - Castell d\u2019Encus","og_description":"TIPO Tinto   VARIEDAD 100% Petit Verdot   COSECHA 2017   GRADO ALCOH\u00d3LICO 14 % vol.   PH 3,55   ACIDEZ TOTAL 5,5 g\/l   NOTA DE CATA Se produce una lucha entre la acidez y el equilibrio de los taninos, especialmente cierto en el caso de Petit Verdot. Esta es una de las causas por la que no hay apenas vinos puros de esta variedad. Cultivar el vi\u00f1edo en un suelo calc\u00e1reo y con bajo contenido org\u00e1nico, el conocimiento y un objetivo claro del estilo con estas notas antag\u00f3nicas, se unen para alcanzar este equilibrio   PUNTUACI\u00d3N 93+ RP | 96 Hudin    FICHA T\u00c9CNICA PDF","og_url":"https:\/\/castelldencus.com\/es\/producto\/saktih\/","og_site_name":"Castell d\u2019Encus","article_modified_time":"2026-01-14T21:56:24+00:00","og_image":[{"width":2560,"height":2560,"url":"https:\/\/castelldencus.com\/wp-content\/uploads\/2022\/08\/saktih_2017_b-scaled.png","type":"image\/png"}],"twitter_card":"summary_large_image","twitter_misc":{"Tiempo de lectura":"1 minuto"},"schema":{"@context":"https:\/\/schema.org","@graph":[{"@type":"WebPage","@id":"https:\/\/castelldencus.com\/es\/producto\/saktih\/","url":"https:\/\/castelldencus.com\/es\/producto\/saktih\/","name":"Saktih Petit Verdot 2017 - Castell d\u2019Encus","isPartOf":{"@id":"https:\/\/castelldencus.com\/#website"},"primaryImageOfPage":{"@id":"https:\/\/castelldencus.com\/es\/producto\/saktih\/#primaryimage"},"image":{"@id":"https:\/\/castelldencus.com\/es\/producto\/saktih\/#primaryimage"},"thumbnailUrl":"https:\/\/castelldencus.com\/wp-content\/uploads\/2022\/08\/saktih_2017_b-scaled.png","datePublished":"2022-08-03T11:26:48+00:00","dateModified":"2026-01-14T21:56:24+00:00","breadcrumb":{"@id":"https:\/\/castelldencus.com\/es\/producto\/saktih\/#breadcrumb"},"inLanguage":"es","potentialAction":[{"@type":"ReadAction","target":["https:\/\/castelldencus.com\/es\/producto\/saktih\/"]}]},{"@type":"ImageObject","inLanguage":"es","@id":"https:\/\/castelldencus.com\/es\/producto\/saktih\/#primaryimage","url":"https:\/\/castelldencus.com\/wp-content\/uploads\/2022\/08\/saktih_2017_b-scaled.png","contentUrl":"https:\/\/castelldencus.com\/wp-content\/uploads\/2022\/08\/saktih_2017_b-scaled.png","width":2560,"height":2560},{"@type":"BreadcrumbList","@id":"https:\/\/castelldencus.com\/es\/producto\/saktih\/#breadcrumb","itemListElement":[{"@type":"ListItem","position":1,"name":"Home","item":"https:\/\/castelldencus.com\/es\/"},{"@type":"ListItem","position":2,"name":"TIENDA","item":"https:\/\/castelldencus.com\/es\/tienda\/"},{"@type":"ListItem","position":3,"name":"Saktih Petit Verdot 2017"}]},{"@type":"WebSite","@id":"https:\/\/castelldencus.com\/#website","url":"https:\/\/castelldencus.com\/","name":"Castell d\u2019Encus","description":"Celler | Castell d&#039;Encus | Catalunya","potentialAction":[{"@type":"SearchAction","target":{"@type":"EntryPoint","urlTemplate":"https:\/\/castelldencus.com\/?s={search_term_string}"},"query-input":{"@type":"PropertyValueSpecification","valueRequired":true,"valueName":"search_term_string"}}],"inLanguage":"es"}]}},"_links":{"self":[{"href":"https:\/\/castelldencus.com\/es\/wp-json\/wp\/v2\/product\/4253","targetHints":{"allow":["GET"]}}],"collection":[{"href":"https:\/\/castelldencus.com\/es\/wp-json\/wp\/v2\/product"}],"about":[{"href":"https:\/\/castelldencus.com\/es\/wp-json\/wp\/v2\/types\/product"}],"wp:featuredmedia":[{"embeddable":true,"href":"https:\/\/castelldencus.com\/es\/wp-json\/wp\/v2\/media\/12157"}],"wp:attachment":[{"href":"https:\/\/castelldencus.com\/es\/wp-json\/wp\/v2\/media?parent=4253"}],"wp:term":[{"taxonomy":"product_brand","embeddable":true,"href":"https:\/\/castelldencus.com\/es\/wp-json\/wp\/v2\/product_brand?post=4253"},{"taxonomy":"product_cat","embeddable":true,"href":"https:\/\/castelldencus.com\/es\/wp-json\/wp\/v2\/product_cat?post=4253"},{"taxonomy":"product_tag","embeddable":true,"href":"https:\/\/castelldencus.com\/es\/wp-json\/wp\/v2\/product_tag?post=4253"}],"curies":[{"name":"wp","href":"https:\/\/api.w.org\/{rel}","templated":true}]}}