{"id":4153,"date":"2022-08-03T11:14:24","date_gmt":"2022-08-03T11:14:24","guid":{"rendered":"https:\/\/castelldencus.com\/producto\/ekam\/"},"modified":"2025-04-27T22:07:50","modified_gmt":"2025-04-27T22:07:50","slug":"ekam","status":"publish","type":"product","link":"https:\/\/castelldencus.com\/es\/producto\/ekam\/","title":{"rendered":"Ekam 2023"},"content":{"rendered":"","protected":false},"excerpt":{"rendered":"<table style=\"border-collapse: collapse; width: 100%; height: 208px;\">\n<tbody>\n<tr style=\"height: 23px; border-bottom: 1px solid;\">\n<td style=\"width: 30%; height: 23px;\">TIPO<\/td>\n<td style=\"width: 70%; height: 23px;\">Blanco<\/td>\n<\/tr>\n<tr style=\"height: 23px; border-bottom: 1px solid;\">\n<td style=\"width: 30%; height: 23px;\">VARIEDAD<\/td>\n<td style=\"width: 70%; height: 23px;\">85% Riesling, 15% Albari\u00f1o<\/td>\n<\/tr>\n<tr style=\"height: 23px; border-bottom: 1px solid;\">\n<td style=\"width: 30%; height: 23px;\">COSECHA<\/td>\n<td style=\"width: 70%; height: 23px;\">2023<\/td>\n<\/tr>\n<tr style=\"height: 23px; border-bottom: 1px solid;\">\n<td style=\"width: 30%; height: 23px;\">GRADO ALCOH\u00d3LICO<\/td>\n<td style=\"width: 70%; height: 23px;\">13,0 % vol.<\/td>\n<\/tr>\n<tr style=\"height: 23px; border-bottom: 1px solid;\">\n<td style=\"width: 30%; height: 23px;\">PH<\/td>\n<td style=\"width: 70%; height: 23px;\">2,90<\/td>\n<\/tr>\n<tr style=\"height: 23px; border-bottom: 1px solid;\">\n<td style=\"width: 30%; height: 23px;\">ACIDEZ TOTAL<\/td>\n<td style=\"width: 70%; height: 23px;\">7 g\/l<\/td>\n<\/tr>\n<tr style=\"height: 47px; border-bottom: 1px solid;\">\n<td style=\"width: 30%; height: 47px;\">NOTA DE CATA<\/td>\n<td style=\"width: 70%; height: 47px;\">Vino blanco intenso en nariz con notas de melocot\u00f3n de secano y flores finas de geranio. En boca presenta una acidez\u00a0 bien equilibrada, con notas de albaricoque. Final persistente e intenso.<\/td>\n<\/tr>\n<tr style=\"height: 23px; border-bottom: 1px solid;\">\n<td style=\"width: 30%; height: 23px;\">PUNTUACI\u00d3N<\/td>\n<td style=\"width: 70%; height: 23px;\">92 RP | 93 Hudin (a\u00f1ada 2021)<\/td>\n<\/tr>\n<\/tbody>\n<\/table>\n<p>FICHA T\u00c9CNICA PDF<\/p>\n<table style=\"border-collapse: collapse; width: 100%;\">\n<tbody>\n<tr>\n<td style=\"width: 30%;\">\t<a class=\"paoc-popup-click paoc-popup-cust-5310 paoc-popup-button paoc-popup-btn \" href=\"javascript:void(0);\">2023<\/a>\r\n<\/td>\n<\/tr>\n<\/tbody>\n<\/table>\n","protected":false},"featured_media":11861,"template":"","meta":{"_et_pb_use_builder":"off","_et_pb_old_content":"[et_pb_section fb_built=\"1\" _builder_version=\"4.16\" custom_padding=\"0px||||false|false\" global_colors_info=\"{}\"][et_pb_row _builder_version=\"4.16\" background_size=\"initial\" background_position=\"top_left\" background_repeat=\"repeat\" width=\"100%\" custom_padding=\"0px||0px||false|false\" global_colors_info=\"{}\"][et_pb_column type=\"4_4\" _builder_version=\"4.16\" custom_padding=\"|||\" global_colors_info=\"{}\" custom_padding__hover=\"|||\"][et_pb_wc_breadcrumb _builder_version=\"4.16\" global_colors_info=\"{}\"][\/et_pb_wc_breadcrumb][et_pb_wc_cart_notice _builder_version=\"4.16\" global_colors_info=\"{}\"][\/et_pb_wc_cart_notice][\/et_pb_column][\/et_pb_row][et_pb_row _builder_version=\"4.16\" background_size=\"initial\" background_position=\"top_left\" background_repeat=\"repeat\" width=\"100%\" custom_padding=\"0px||||false|false\" global_colors_info=\"{}\" column_structure=\"1_2,1_2\"][et_pb_column type=\"1_2\" _builder_version=\"4.16\" custom_padding=\"|||\" global_colors_info=\"{}\" custom_padding__hover=\"|||\"][et_pb_wc_images _builder_version=\"4.16\" global_colors_info=\"{}\"][\/et_pb_wc_images][\/et_pb_column][et_pb_column type=\"1_2\" _builder_version=\"4.16\" custom_padding=\"|||\" global_colors_info=\"{}\" custom_padding__hover=\"|||\"][et_pb_wc_title _builder_version=\"4.16\" global_colors_info=\"{}\"][\/et_pb_wc_title][et_pb_wc_rating _builder_version=\"4.16\" global_colors_info=\"{}\"][\/et_pb_wc_rating][et_pb_wc_price _builder_version=\"4.16\" global_colors_info=\"{}\"][\/et_pb_wc_price][et_pb_wc_description _builder_version=\"4.16\" global_colors_info=\"{}\"][\/et_pb_wc_description][et_pb_wc_add_to_cart _builder_version=\"4.16\" global_colors_info=\"{}\"][\/et_pb_wc_add_to_cart][et_pb_wc_meta _builder_version=\"4.16\" global_colors_info=\"{}\"][\/et_pb_wc_meta][\/et_pb_column][\/et_pb_row][et_pb_row _builder_version=\"4.16\" background_size=\"initial\" background_position=\"top_left\" background_repeat=\"repeat\" width=\"100%\" global_colors_info=\"{}\"][et_pb_column type=\"4_4\" _builder_version=\"4.16\" custom_padding=\"|||\" global_colors_info=\"{}\" custom_padding__hover=\"|||\"][et_pb_wc_tabs _builder_version=\"4.16\" global_colors_info=\"{}\"]\t\t\t\t\t[\/et_pb_wc_tabs][et_pb_wc_upsells _builder_version=\"4.16\" global_colors_info=\"{}\"][\/et_pb_wc_upsells][et_pb_wc_related_products _builder_version=\"4.16\" global_colors_info=\"{}\"][\/et_pb_wc_related_products][\/et_pb_column][\/et_pb_row][\/et_pb_section][et_pb_section fb_built=\"1\" _builder_version=\"4.16\" custom_padding=\"0px||||false|false\" global_colors_info=\"{}\"][et_pb_row _builder_version=\"4.16\" background_size=\"initial\" background_position=\"top_left\" background_repeat=\"repeat\" width=\"100%\" custom_padding=\"0px||0px||false|false\" global_colors_info=\"{}\"][et_pb_column type=\"4_4\" _builder_version=\"4.16\" custom_padding=\"|||\" global_colors_info=\"{}\" custom_padding__hover=\"|||\"][et_pb_wc_breadcrumb _builder_version=\"4.16\" global_colors_info=\"{}\"][\/et_pb_wc_breadcrumb][et_pb_wc_cart_notice _builder_version=\"4.16\" global_colors_info=\"{}\"][\/et_pb_wc_cart_notice][\/et_pb_column][\/et_pb_row][et_pb_row column_structure=\"1_2,1_2\" _builder_version=\"4.16\" background_size=\"initial\" background_position=\"top_left\" background_repeat=\"repeat\" width=\"100%\" custom_padding=\"0px||||false|false\" global_colors_info=\"{}\"][et_pb_column type=\"1_2\" _builder_version=\"4.16\" custom_padding=\"|||\" global_colors_info=\"{}\" custom_padding__hover=\"|||\"][et_pb_wc_images _builder_version=\"4.16\" global_colors_info=\"{}\"][\/et_pb_wc_images][\/et_pb_column][et_pb_column type=\"1_2\" _builder_version=\"4.16\" custom_padding=\"|||\" global_colors_info=\"{}\" custom_padding__hover=\"|||\"][et_pb_wc_title _builder_version=\"4.16\" global_colors_info=\"{}\"][\/et_pb_wc_title][et_pb_wc_rating _builder_version=\"4.16\" global_colors_info=\"{}\"][\/et_pb_wc_rating][et_pb_wc_price _builder_version=\"4.16\" global_colors_info=\"{}\"][\/et_pb_wc_price][et_pb_wc_description _builder_version=\"4.16\" global_colors_info=\"{}\"][\/et_pb_wc_description][et_pb_wc_add_to_cart _builder_version=\"4.16\" global_colors_info=\"{}\"][\/et_pb_wc_add_to_cart][et_pb_wc_meta _builder_version=\"4.16\" global_colors_info=\"{}\"][\/et_pb_wc_meta][\/et_pb_column][\/et_pb_row][et_pb_row _builder_version=\"4.16\" background_size=\"initial\" background_position=\"top_left\" background_repeat=\"repeat\" width=\"100%\" global_colors_info=\"{}\"][et_pb_column type=\"4_4\" _builder_version=\"4.16\" custom_padding=\"|||\" global_colors_info=\"{}\" custom_padding__hover=\"|||\"][et_pb_wc_tabs _builder_version=\"4.16\" global_colors_info=\"{}\"]\t\t\t\t\t[\/et_pb_wc_tabs][et_pb_wc_upsells _builder_version=\"4.16\" global_colors_info=\"{}\"][\/et_pb_wc_upsells][et_pb_wc_related_products _builder_version=\"4.16\" global_colors_info=\"{}\"][\/et_pb_wc_related_products][\/et_pb_column][\/et_pb_row][\/et_pb_section]","_et_gb_content_width":""},"product_brand":[],"product_cat":[77],"product_tag":[],"class_list":{"0":"post-4153","1":"product","2":"type-product","3":"status-publish","4":"has-post-thumbnail","6":"product_cat-vinos-es","8":"first","9":"instock","10":"shipping-taxable","11":"purchasable","12":"product-type-simple"},"yoast_head":"<!-- This site is optimized with the Yoast SEO plugin v27.2 - https:\/\/yoast.com\/product\/yoast-seo-wordpress\/ -->\n<title>Ekam 2023 - Castell d\u2019Encus<\/title>\n<meta name=\"robots\" content=\"index, follow, max-snippet:-1, max-image-preview:large, max-video-preview:-1\" \/>\n<link rel=\"canonical\" href=\"https:\/\/castelldencus.com\/es\/producto\/ekam\/\" \/>\n<meta property=\"og:locale\" content=\"es_ES\" \/>\n<meta property=\"og:type\" content=\"article\" \/>\n<meta property=\"og:title\" content=\"Ekam 2023 - Castell d\u2019Encus\" \/>\n<meta property=\"og:description\" content=\"TIPO Blanco   VARIEDAD 85% Riesling, 15% Albari\u00f1o   COSECHA 2023   GRADO ALCOH\u00d3LICO 13,0 % vol.   PH 2,90   ACIDEZ TOTAL 7 g\/l   NOTA DE CATA Vino blanco intenso en nariz con notas de melocot\u00f3n de secano y flores finas de geranio. En boca presenta una acidez\u00a0 bien equilibrada, con notas de albaricoque. Final persistente e intenso.   PUNTUACI\u00d3N 92 RP | 93 Hudin (a\u00f1ada 2021)    FICHA T\u00c9CNICA PDF\" \/>\n<meta property=\"og:url\" content=\"https:\/\/castelldencus.com\/es\/producto\/ekam\/\" \/>\n<meta property=\"og:site_name\" content=\"Castell d\u2019Encus\" \/>\n<meta property=\"article:modified_time\" content=\"2025-04-27T22:07:50+00:00\" \/>\n<meta property=\"og:image\" content=\"https:\/\/castelldencus.com\/wp-content\/uploads\/2022\/08\/ekam-22_sf_byrb-1024x1024.png\" \/>\n\t<meta property=\"og:image:width\" content=\"1024\" \/>\n\t<meta property=\"og:image:height\" content=\"1024\" \/>\n\t<meta property=\"og:image:type\" content=\"image\/png\" \/>\n<meta name=\"twitter:card\" content=\"summary_large_image\" \/>\n<meta name=\"twitter:label1\" content=\"Tiempo de lectura\" \/>\n\t<meta name=\"twitter:data1\" content=\"1 minuto\" \/>\n<script type=\"application\/ld+json\" class=\"yoast-schema-graph\">{\"@context\":\"https:\/\/schema.org\",\"@graph\":[{\"@type\":\"WebPage\",\"@id\":\"https:\/\/castelldencus.com\/es\/producto\/ekam\/\",\"url\":\"https:\/\/castelldencus.com\/es\/producto\/ekam\/\",\"name\":\"Ekam 2023 - Castell d\u2019Encus\",\"isPartOf\":{\"@id\":\"https:\/\/castelldencus.com\/#website\"},\"primaryImageOfPage\":{\"@id\":\"https:\/\/castelldencus.com\/es\/producto\/ekam\/#primaryimage\"},\"image\":{\"@id\":\"https:\/\/castelldencus.com\/es\/producto\/ekam\/#primaryimage\"},\"thumbnailUrl\":\"https:\/\/castelldencus.com\/wp-content\/uploads\/2025\/06\/ekam_2023_Web-scaled.png\",\"datePublished\":\"2022-08-03T11:14:24+00:00\",\"dateModified\":\"2025-04-27T22:07:50+00:00\",\"breadcrumb\":{\"@id\":\"https:\/\/castelldencus.com\/es\/producto\/ekam\/#breadcrumb\"},\"inLanguage\":\"es\",\"potentialAction\":[{\"@type\":\"ReadAction\",\"target\":[\"https:\/\/castelldencus.com\/es\/producto\/ekam\/\"]}]},{\"@type\":\"ImageObject\",\"inLanguage\":\"es\",\"@id\":\"https:\/\/castelldencus.com\/es\/producto\/ekam\/#primaryimage\",\"url\":\"https:\/\/castelldencus.com\/wp-content\/uploads\/2025\/06\/ekam_2023_Web-scaled.png\",\"contentUrl\":\"https:\/\/castelldencus.com\/wp-content\/uploads\/2025\/06\/ekam_2023_Web-scaled.png\",\"width\":2560,\"height\":2560},{\"@type\":\"BreadcrumbList\",\"@id\":\"https:\/\/castelldencus.com\/es\/producto\/ekam\/#breadcrumb\",\"itemListElement\":[{\"@type\":\"ListItem\",\"position\":1,\"name\":\"Home\",\"item\":\"https:\/\/castelldencus.com\/es\/\"},{\"@type\":\"ListItem\",\"position\":2,\"name\":\"TIENDA\",\"item\":\"https:\/\/castelldencus.com\/es\/tienda\/\"},{\"@type\":\"ListItem\",\"position\":3,\"name\":\"Ekam 2023\"}]},{\"@type\":\"WebSite\",\"@id\":\"https:\/\/castelldencus.com\/#website\",\"url\":\"https:\/\/castelldencus.com\/\",\"name\":\"Castell d\u2019Encus\",\"description\":\"Celler | Castell d&#039;Encus | Catalunya\",\"potentialAction\":[{\"@type\":\"SearchAction\",\"target\":{\"@type\":\"EntryPoint\",\"urlTemplate\":\"https:\/\/castelldencus.com\/?s={search_term_string}\"},\"query-input\":{\"@type\":\"PropertyValueSpecification\",\"valueRequired\":true,\"valueName\":\"search_term_string\"}}],\"inLanguage\":\"es\"}]}<\/script>\n<!-- \/ Yoast SEO plugin. -->","yoast_head_json":{"title":"Ekam 2023 - Castell d\u2019Encus","robots":{"index":"index","follow":"follow","max-snippet":"max-snippet:-1","max-image-preview":"max-image-preview:large","max-video-preview":"max-video-preview:-1"},"canonical":"https:\/\/castelldencus.com\/es\/producto\/ekam\/","og_locale":"es_ES","og_type":"article","og_title":"Ekam 2023 - Castell d\u2019Encus","og_description":"TIPO Blanco   VARIEDAD 85% Riesling, 15% Albari\u00f1o   COSECHA 2023   GRADO ALCOH\u00d3LICO 13,0 % vol.   PH 2,90   ACIDEZ TOTAL 7 g\/l   NOTA DE CATA Vino blanco intenso en nariz con notas de melocot\u00f3n de secano y flores finas de geranio. En boca presenta una acidez\u00a0 bien equilibrada, con notas de albaricoque. Final persistente e intenso.   PUNTUACI\u00d3N 92 RP | 93 Hudin (a\u00f1ada 2021)    FICHA T\u00c9CNICA PDF","og_url":"https:\/\/castelldencus.com\/es\/producto\/ekam\/","og_site_name":"Castell d\u2019Encus","article_modified_time":"2025-04-27T22:07:50+00:00","og_image":[{"width":1024,"height":1024,"url":"https:\/\/castelldencus.com\/wp-content\/uploads\/2022\/08\/ekam-22_sf_byrb-1024x1024.png","type":"image\/png"}],"twitter_card":"summary_large_image","twitter_misc":{"Tiempo de lectura":"1 minuto"},"schema":{"@context":"https:\/\/schema.org","@graph":[{"@type":"WebPage","@id":"https:\/\/castelldencus.com\/es\/producto\/ekam\/","url":"https:\/\/castelldencus.com\/es\/producto\/ekam\/","name":"Ekam 2023 - Castell d\u2019Encus","isPartOf":{"@id":"https:\/\/castelldencus.com\/#website"},"primaryImageOfPage":{"@id":"https:\/\/castelldencus.com\/es\/producto\/ekam\/#primaryimage"},"image":{"@id":"https:\/\/castelldencus.com\/es\/producto\/ekam\/#primaryimage"},"thumbnailUrl":"https:\/\/castelldencus.com\/wp-content\/uploads\/2025\/06\/ekam_2023_Web-scaled.png","datePublished":"2022-08-03T11:14:24+00:00","dateModified":"2025-04-27T22:07:50+00:00","breadcrumb":{"@id":"https:\/\/castelldencus.com\/es\/producto\/ekam\/#breadcrumb"},"inLanguage":"es","potentialAction":[{"@type":"ReadAction","target":["https:\/\/castelldencus.com\/es\/producto\/ekam\/"]}]},{"@type":"ImageObject","inLanguage":"es","@id":"https:\/\/castelldencus.com\/es\/producto\/ekam\/#primaryimage","url":"https:\/\/castelldencus.com\/wp-content\/uploads\/2025\/06\/ekam_2023_Web-scaled.png","contentUrl":"https:\/\/castelldencus.com\/wp-content\/uploads\/2025\/06\/ekam_2023_Web-scaled.png","width":2560,"height":2560},{"@type":"BreadcrumbList","@id":"https:\/\/castelldencus.com\/es\/producto\/ekam\/#breadcrumb","itemListElement":[{"@type":"ListItem","position":1,"name":"Home","item":"https:\/\/castelldencus.com\/es\/"},{"@type":"ListItem","position":2,"name":"TIENDA","item":"https:\/\/castelldencus.com\/es\/tienda\/"},{"@type":"ListItem","position":3,"name":"Ekam 2023"}]},{"@type":"WebSite","@id":"https:\/\/castelldencus.com\/#website","url":"https:\/\/castelldencus.com\/","name":"Castell d\u2019Encus","description":"Celler | Castell d&#039;Encus | Catalunya","potentialAction":[{"@type":"SearchAction","target":{"@type":"EntryPoint","urlTemplate":"https:\/\/castelldencus.com\/?s={search_term_string}"},"query-input":{"@type":"PropertyValueSpecification","valueRequired":true,"valueName":"search_term_string"}}],"inLanguage":"es"}]}},"_links":{"self":[{"href":"https:\/\/castelldencus.com\/es\/wp-json\/wp\/v2\/product\/4153","targetHints":{"allow":["GET"]}}],"collection":[{"href":"https:\/\/castelldencus.com\/es\/wp-json\/wp\/v2\/product"}],"about":[{"href":"https:\/\/castelldencus.com\/es\/wp-json\/wp\/v2\/types\/product"}],"wp:featuredmedia":[{"embeddable":true,"href":"https:\/\/castelldencus.com\/es\/wp-json\/wp\/v2\/media\/11861"}],"wp:attachment":[{"href":"https:\/\/castelldencus.com\/es\/wp-json\/wp\/v2\/media?parent=4153"}],"wp:term":[{"taxonomy":"product_brand","embeddable":true,"href":"https:\/\/castelldencus.com\/es\/wp-json\/wp\/v2\/product_brand?post=4153"},{"taxonomy":"product_cat","embeddable":true,"href":"https:\/\/castelldencus.com\/es\/wp-json\/wp\/v2\/product_cat?post=4153"},{"taxonomy":"product_tag","embeddable":true,"href":"https:\/\/castelldencus.com\/es\/wp-json\/wp\/v2\/product_tag?post=4153"}],"curies":[{"name":"wp","href":"https:\/\/api.w.org\/{rel}","templated":true}]}}