{"id":11903,"date":"2025-06-16T12:16:00","date_gmt":"2025-06-16T12:16:00","guid":{"rendered":"https:\/\/castelldencus.com\/?post_type=product&#038;p=11903"},"modified":"2025-06-16T12:33:07","modified_gmt":"2025-06-16T12:33:07","slug":"saktih-sauvignon-blanc-2019-copia","status":"publish","type":"product","link":"https:\/\/castelldencus.com\/es\/producto\/saktih-sauvignon-blanc-2019-copia\/","title":{"rendered":"Saktih Petit Verdot 2018"},"content":{"rendered":"","protected":false},"excerpt":{"rendered":"<table style=\"border-collapse: collapse; width: 100%; height: 208px;\">\n<tbody>\n<tr style=\"height: 23px; border-bottom: 1px solid;\">\n<td style=\"width: 30%; height: 23px;\">TIPO<\/td>\n<td style=\"width: 70%; height: 23px;\">Tinto<\/td>\n<\/tr>\n<tr style=\"height: 23px; border-bottom: 1px solid;\">\n<td style=\"width: 30%; height: 23px;\">VARIEDAD<\/td>\n<td style=\"width: 70%; height: 23px;\">100% Petit Verdot<\/td>\n<\/tr>\n<tr style=\"height: 23px; border-bottom: 1px solid;\">\n<td style=\"width: 30%; height: 23px;\">COSECHA<\/td>\n<td style=\"width: 70%; height: 23px;\">2018<\/td>\n<\/tr>\n<tr style=\"height: 23px; border-bottom: 1px solid;\">\n<td style=\"width: 30%; height: 23px;\">GRADO ALCOH\u00d3LICO<\/td>\n<td style=\"width: 70%; height: 23px;\">14,0 % vol.<\/td>\n<\/tr>\n<tr style=\"height: 23px; border-bottom: 1px solid;\">\n<td style=\"width: 30%; height: 23px;\">PH2,95<\/td>\n<td style=\"width: 70%; height: 23px;\">3,48<\/td>\n<\/tr>\n<tr style=\"height: 23px; border-bottom: 1px solid;\">\n<td style=\"width: 30%; height: 23px;\">ACIDEZ TOTAL<\/td>\n<td style=\"width: 70%; height: 23px;\">5,0 g\/l<\/td>\n<\/tr>\n<tr style=\"height: 47px; border-bottom: 1px solid;\">\n<td style=\"width: 30%; height: 47px;\">NOTA DE CATA<\/td>\n<td style=\"width: 70%; height: 47px;\">Nariz intensa con notas de ciruelas y frutos rojos del bosque, y tambi\u00e9n ligeras notas de olivas verdes.<br \/>\nBoca fina y con muy buena acidez.<br \/>\n\u00c9s un vino muy largo y concentrado.<\/td>\n<\/tr>\n<tr style=\"height: 23px; border-bottom: 1px solid;\">\n<td style=\"width: 30%; height: 23px;\">PUNTUACI\u00d3N<\/td>\n<td style=\"width: 70%; height: 23px;\">94 Wine Advocate (2016) | 94 Tim Atkin (2016)<\/td>\n<\/tr>\n<\/tbody>\n<\/table>\n<p>&nbsp;<\/p>\n","protected":false},"featured_media":11849,"template":"","meta":{"_et_pb_use_builder":"off","_et_pb_old_content":"","_et_gb_content_width":""},"product_brand":[],"product_cat":[287],"product_tag":[],"class_list":{"0":"post-11903","1":"product","2":"type-product","3":"status-publish","4":"has-post-thumbnail","6":"product_cat-saktih-es","8":"first","9":"instock","10":"shipping-taxable","11":"purchasable","12":"product-type-simple"},"yoast_head":"<!-- This site is optimized with the Yoast SEO plugin v27.2 - https:\/\/yoast.com\/product\/yoast-seo-wordpress\/ -->\n<title>Saktih Petit Verdot 2018 - Castell d\u2019Encus<\/title>\n<meta name=\"robots\" content=\"index, follow, max-snippet:-1, max-image-preview:large, max-video-preview:-1\" \/>\n<link rel=\"canonical\" href=\"https:\/\/castelldencus.com\/es\/producto\/saktih-sauvignon-blanc-2019-copia\/\" \/>\n<meta property=\"og:locale\" content=\"es_ES\" \/>\n<meta property=\"og:type\" content=\"article\" \/>\n<meta property=\"og:title\" content=\"Saktih Petit Verdot 2018 - Castell d\u2019Encus\" \/>\n<meta property=\"og:description\" content=\"TIPO Tinto   VARIEDAD 100% Petit Verdot   COSECHA 2018   GRADO ALCOH\u00d3LICO 14,0 % vol.   PH2,95 3,48   ACIDEZ TOTAL 5,0 g\/l   NOTA DE CATA Nariz intensa con notas de ciruelas y frutos rojos del bosque, y tambi\u00e9n ligeras notas de olivas verdes. Boca fina y con muy buena acidez. \u00c9s un vino muy largo y concentrado.   PUNTUACI\u00d3N 94 Wine Advocate (2016) | 94 Tim Atkin (2016)    &nbsp;\" \/>\n<meta property=\"og:url\" content=\"https:\/\/castelldencus.com\/es\/producto\/saktih-sauvignon-blanc-2019-copia\/\" \/>\n<meta property=\"og:site_name\" content=\"Castell d\u2019Encus\" \/>\n<meta property=\"article:modified_time\" content=\"2025-06-16T12:33:07+00:00\" \/>\n<meta property=\"og:image\" content=\"https:\/\/castelldencus.com\/wp-content\/uploads\/2025\/06\/saktih_2018_petit-verdot-scaled.png\" \/>\n\t<meta property=\"og:image:width\" content=\"2560\" \/>\n\t<meta property=\"og:image:height\" content=\"2560\" \/>\n\t<meta property=\"og:image:type\" content=\"image\/png\" \/>\n<meta name=\"twitter:card\" content=\"summary_large_image\" \/>\n<meta name=\"twitter:label1\" content=\"Tiempo de lectura\" \/>\n\t<meta name=\"twitter:data1\" content=\"1 minuto\" \/>\n<script type=\"application\/ld+json\" class=\"yoast-schema-graph\">{\"@context\":\"https:\/\/schema.org\",\"@graph\":[{\"@type\":\"WebPage\",\"@id\":\"https:\/\/castelldencus.com\/es\/producto\/saktih-sauvignon-blanc-2019-copia\/\",\"url\":\"https:\/\/castelldencus.com\/es\/producto\/saktih-sauvignon-blanc-2019-copia\/\",\"name\":\"Saktih Petit Verdot 2018 - Castell d\u2019Encus\",\"isPartOf\":{\"@id\":\"https:\/\/castelldencus.com\/#website\"},\"primaryImageOfPage\":{\"@id\":\"https:\/\/castelldencus.com\/es\/producto\/saktih-sauvignon-blanc-2019-copia\/#primaryimage\"},\"image\":{\"@id\":\"https:\/\/castelldencus.com\/es\/producto\/saktih-sauvignon-blanc-2019-copia\/#primaryimage\"},\"thumbnailUrl\":\"https:\/\/castelldencus.com\/wp-content\/uploads\/2025\/06\/saktih_2018_petit-verdot-scaled.png\",\"datePublished\":\"2025-06-16T12:16:00+00:00\",\"dateModified\":\"2025-06-16T12:33:07+00:00\",\"breadcrumb\":{\"@id\":\"https:\/\/castelldencus.com\/es\/producto\/saktih-sauvignon-blanc-2019-copia\/#breadcrumb\"},\"inLanguage\":\"es\",\"potentialAction\":[{\"@type\":\"ReadAction\",\"target\":[\"https:\/\/castelldencus.com\/es\/producto\/saktih-sauvignon-blanc-2019-copia\/\"]}]},{\"@type\":\"ImageObject\",\"inLanguage\":\"es\",\"@id\":\"https:\/\/castelldencus.com\/es\/producto\/saktih-sauvignon-blanc-2019-copia\/#primaryimage\",\"url\":\"https:\/\/castelldencus.com\/wp-content\/uploads\/2025\/06\/saktih_2018_petit-verdot-scaled.png\",\"contentUrl\":\"https:\/\/castelldencus.com\/wp-content\/uploads\/2025\/06\/saktih_2018_petit-verdot-scaled.png\",\"width\":2560,\"height\":2560},{\"@type\":\"BreadcrumbList\",\"@id\":\"https:\/\/castelldencus.com\/es\/producto\/saktih-sauvignon-blanc-2019-copia\/#breadcrumb\",\"itemListElement\":[{\"@type\":\"ListItem\",\"position\":1,\"name\":\"Home\",\"item\":\"https:\/\/castelldencus.com\/es\/\"},{\"@type\":\"ListItem\",\"position\":2,\"name\":\"TIENDA\",\"item\":\"https:\/\/castelldencus.com\/es\/tienda\/\"},{\"@type\":\"ListItem\",\"position\":3,\"name\":\"Saktih Petit Verdot 2018\"}]},{\"@type\":\"WebSite\",\"@id\":\"https:\/\/castelldencus.com\/#website\",\"url\":\"https:\/\/castelldencus.com\/\",\"name\":\"Castell d\u2019Encus\",\"description\":\"Celler | Castell d&#039;Encus | Catalunya\",\"potentialAction\":[{\"@type\":\"SearchAction\",\"target\":{\"@type\":\"EntryPoint\",\"urlTemplate\":\"https:\/\/castelldencus.com\/?s={search_term_string}\"},\"query-input\":{\"@type\":\"PropertyValueSpecification\",\"valueRequired\":true,\"valueName\":\"search_term_string\"}}],\"inLanguage\":\"es\"}]}<\/script>\n<!-- \/ Yoast SEO plugin. -->","yoast_head_json":{"title":"Saktih Petit Verdot 2018 - Castell d\u2019Encus","robots":{"index":"index","follow":"follow","max-snippet":"max-snippet:-1","max-image-preview":"max-image-preview:large","max-video-preview":"max-video-preview:-1"},"canonical":"https:\/\/castelldencus.com\/es\/producto\/saktih-sauvignon-blanc-2019-copia\/","og_locale":"es_ES","og_type":"article","og_title":"Saktih Petit Verdot 2018 - Castell d\u2019Encus","og_description":"TIPO Tinto   VARIEDAD 100% Petit Verdot   COSECHA 2018   GRADO ALCOH\u00d3LICO 14,0 % vol.   PH2,95 3,48   ACIDEZ TOTAL 5,0 g\/l   NOTA DE CATA Nariz intensa con notas de ciruelas y frutos rojos del bosque, y tambi\u00e9n ligeras notas de olivas verdes. Boca fina y con muy buena acidez. \u00c9s un vino muy largo y concentrado.   PUNTUACI\u00d3N 94 Wine Advocate (2016) | 94 Tim Atkin (2016)    &nbsp;","og_url":"https:\/\/castelldencus.com\/es\/producto\/saktih-sauvignon-blanc-2019-copia\/","og_site_name":"Castell d\u2019Encus","article_modified_time":"2025-06-16T12:33:07+00:00","og_image":[{"width":2560,"height":2560,"url":"https:\/\/castelldencus.com\/wp-content\/uploads\/2025\/06\/saktih_2018_petit-verdot-scaled.png","type":"image\/png"}],"twitter_card":"summary_large_image","twitter_misc":{"Tiempo de lectura":"1 minuto"},"schema":{"@context":"https:\/\/schema.org","@graph":[{"@type":"WebPage","@id":"https:\/\/castelldencus.com\/es\/producto\/saktih-sauvignon-blanc-2019-copia\/","url":"https:\/\/castelldencus.com\/es\/producto\/saktih-sauvignon-blanc-2019-copia\/","name":"Saktih Petit Verdot 2018 - Castell d\u2019Encus","isPartOf":{"@id":"https:\/\/castelldencus.com\/#website"},"primaryImageOfPage":{"@id":"https:\/\/castelldencus.com\/es\/producto\/saktih-sauvignon-blanc-2019-copia\/#primaryimage"},"image":{"@id":"https:\/\/castelldencus.com\/es\/producto\/saktih-sauvignon-blanc-2019-copia\/#primaryimage"},"thumbnailUrl":"https:\/\/castelldencus.com\/wp-content\/uploads\/2025\/06\/saktih_2018_petit-verdot-scaled.png","datePublished":"2025-06-16T12:16:00+00:00","dateModified":"2025-06-16T12:33:07+00:00","breadcrumb":{"@id":"https:\/\/castelldencus.com\/es\/producto\/saktih-sauvignon-blanc-2019-copia\/#breadcrumb"},"inLanguage":"es","potentialAction":[{"@type":"ReadAction","target":["https:\/\/castelldencus.com\/es\/producto\/saktih-sauvignon-blanc-2019-copia\/"]}]},{"@type":"ImageObject","inLanguage":"es","@id":"https:\/\/castelldencus.com\/es\/producto\/saktih-sauvignon-blanc-2019-copia\/#primaryimage","url":"https:\/\/castelldencus.com\/wp-content\/uploads\/2025\/06\/saktih_2018_petit-verdot-scaled.png","contentUrl":"https:\/\/castelldencus.com\/wp-content\/uploads\/2025\/06\/saktih_2018_petit-verdot-scaled.png","width":2560,"height":2560},{"@type":"BreadcrumbList","@id":"https:\/\/castelldencus.com\/es\/producto\/saktih-sauvignon-blanc-2019-copia\/#breadcrumb","itemListElement":[{"@type":"ListItem","position":1,"name":"Home","item":"https:\/\/castelldencus.com\/es\/"},{"@type":"ListItem","position":2,"name":"TIENDA","item":"https:\/\/castelldencus.com\/es\/tienda\/"},{"@type":"ListItem","position":3,"name":"Saktih Petit Verdot 2018"}]},{"@type":"WebSite","@id":"https:\/\/castelldencus.com\/#website","url":"https:\/\/castelldencus.com\/","name":"Castell d\u2019Encus","description":"Celler | Castell d&#039;Encus | Catalunya","potentialAction":[{"@type":"SearchAction","target":{"@type":"EntryPoint","urlTemplate":"https:\/\/castelldencus.com\/?s={search_term_string}"},"query-input":{"@type":"PropertyValueSpecification","valueRequired":true,"valueName":"search_term_string"}}],"inLanguage":"es"}]}},"_links":{"self":[{"href":"https:\/\/castelldencus.com\/es\/wp-json\/wp\/v2\/product\/11903","targetHints":{"allow":["GET"]}}],"collection":[{"href":"https:\/\/castelldencus.com\/es\/wp-json\/wp\/v2\/product"}],"about":[{"href":"https:\/\/castelldencus.com\/es\/wp-json\/wp\/v2\/types\/product"}],"wp:featuredmedia":[{"embeddable":true,"href":"https:\/\/castelldencus.com\/es\/wp-json\/wp\/v2\/media\/11849"}],"wp:attachment":[{"href":"https:\/\/castelldencus.com\/es\/wp-json\/wp\/v2\/media?parent=11903"}],"wp:term":[{"taxonomy":"product_brand","embeddable":true,"href":"https:\/\/castelldencus.com\/es\/wp-json\/wp\/v2\/product_brand?post=11903"},{"taxonomy":"product_cat","embeddable":true,"href":"https:\/\/castelldencus.com\/es\/wp-json\/wp\/v2\/product_cat?post=11903"},{"taxonomy":"product_tag","embeddable":true,"href":"https:\/\/castelldencus.com\/es\/wp-json\/wp\/v2\/product_tag?post=11903"}],"curies":[{"name":"wp","href":"https:\/\/api.w.org\/{rel}","templated":true}]}}