{"id":11645,"date":"2024-11-24T21:27:20","date_gmt":"2024-11-24T21:27:20","guid":{"rendered":"https:\/\/castelldencus.com\/?post_type=product&#038;p=11645"},"modified":"2025-12-08T17:08:03","modified_gmt":"2025-12-08T17:08:03","slug":"invitacio-visita-a-castell-dencus","status":"publish","type":"product","link":"https:\/\/castelldencus.com\/es\/producto\/invitacio-visita-a-castell-dencus\/","title":{"rendered":"Invitaci\u00f3 visita a Castell d&#8217;Encus"},"content":{"rendered":"","protected":false},"excerpt":{"rendered":"<p><span style=\"font-size: 10pt;\">Regala una invitaci\u00f3 per a dues persones per visitar el nostre celler i gaudir d&#8217;un tast de 6 vins de Castell d&#8217;Encus. Adicionalment, podr\u00e0s seleccionar una de les nostres ampolles amb un obsequi personalitzat.<\/span><\/p>\n<p>Invitaci\u00f3 disponible sense data l\u00edmit i amb confirmaci\u00f3 pr\u00e8via de la reserva amb el celler.<\/p>\n<p><span style=\"font-size: 10pt;\">La proposta de regal inclou:<\/span><\/p>\n<ul>\n<li>Invitaci\u00f3 per a dues persones per visita est\u00e0ndar que inclou tast de 6 vins.<\/li>\n<li><span style=\"font-size: 10pt;\">Seleccionar una ampolla:<\/span>\n<ul>\n<li>Ekam Ess\u00e8ncia<\/li>\n<li>Ta\u00efka<\/li>\n<\/ul>\n<\/li>\n<li><span style=\"font-size: 10pt;\">Selecciona un obsequi personalitzat:<\/span>\n<ul>\n<li><span style=\"font-size: 10pt;\">Llevataps fusta<\/span><\/li>\n<li><span style=\"font-size: 10pt;\">Llevataps suro<\/span><\/li>\n<\/ul>\n<\/li>\n<li><span style=\"font-size: 10pt;\">Nota personalitzada amb el text que vulguis afegir, sino escribirem una nota d&#8217;agra\u00efment en nom teu.<\/span><\/li>\n<\/ul>\n<p><span style=\"font-size: 10pt;\">El servei de preparaci\u00f3 i entrega es de 24H\/48H, segons dest\u00ed i hora de tramesa de la comanda.<\/span><\/p>\n<p><span style=\"font-size: 10pt;\">Podr\u00e0s completar el nom de la persona del regal i el missatge que vols incloure al regal, en el moment de finalitzar la compra i pots<\/span><span style=\"font-size: 10pt;\"> afegir a la cistella altres vins i ho inclourem al Pack de regal.<\/span><\/p>\n","protected":false},"featured_media":11814,"template":"","meta":{"_et_pb_use_builder":"","_et_pb_old_content":"","_et_gb_content_width":""},"product_brand":[],"product_cat":[219],"product_tag":[],"class_list":{"0":"post-11645","1":"product","2":"type-product","3":"status-publish","4":"has-post-thumbnail","6":"product_cat-packs","8":"first","9":"instock","10":"shipping-taxable","11":"purchasable","12":"product-type-variable","13":"has-default-attributes"},"yoast_head":"<!-- This site is optimized with the Yoast SEO plugin v27.2 - https:\/\/yoast.com\/product\/yoast-seo-wordpress\/ -->\n<title>Invitaci\u00f3 visita a Castell d&#039;Encus - Castell d\u2019Encus<\/title>\n<meta name=\"robots\" content=\"index, follow, max-snippet:-1, max-image-preview:large, max-video-preview:-1\" \/>\n<link rel=\"canonical\" href=\"https:\/\/castelldencus.com\/producto\/invitacio-visita-a-castell-dencus\/\" \/>\n<meta property=\"og:locale\" content=\"es_ES\" \/>\n<meta property=\"og:type\" content=\"article\" \/>\n<meta property=\"og:title\" content=\"Invitaci\u00f3 visita a Castell d&#039;Encus - Castell d\u2019Encus\" \/>\n<meta property=\"og:description\" content=\"Regala una invitaci\u00f3 per a dues persones per visitar el nostre celler i gaudir d&#039;un tast de 6 vins de Castell d&#039;Encus. Adicionalment, podr\u00e0s seleccionar una de les nostres ampolles amb un obsequi personalitzat.  Invitaci\u00f3 disponible sense data l\u00edmit i amb confirmaci\u00f3 pr\u00e8via de la reserva amb el celler.  La proposta de regal inclou:   Invitaci\u00f3 per a dues persones per visita est\u00e0ndar que inclou tast de 6 vins.  Seleccionar una ampolla:   Ekam Ess\u00e8ncia  Ta\u00efka    Selecciona un obsequi personalitzat:   Llevataps fusta  Llevataps suro    Nota personalitzada amb el text que vulguis afegir, sino escribirem una nota d&#039;agra\u00efment en nom teu.  El servei de preparaci\u00f3 i entrega es de 24H\/48H, segons dest\u00ed i hora de tramesa de la comanda.  Podr\u00e0s completar el nom de la persona del regal i el missatge que vols incloure al regal, en el moment de finalitzar la compra i pots afegir a la cistella altres vins i ho inclourem al Pack de regal.\" \/>\n<meta property=\"og:url\" content=\"https:\/\/castelldencus.com\/producto\/invitacio-visita-a-castell-dencus\/\" \/>\n<meta property=\"og:site_name\" content=\"Castell d\u2019Encus\" \/>\n<meta property=\"article:modified_time\" content=\"2025-12-08T17:08:03+00:00\" \/>\n<meta property=\"og:image\" content=\"https:\/\/castelldencus.com\/wp-content\/uploads\/2024\/11\/Packcde__invitacion_24-1-891x1024.gif\" \/>\n\t<meta property=\"og:image:width\" content=\"891\" \/>\n\t<meta property=\"og:image:height\" content=\"1024\" \/>\n\t<meta property=\"og:image:type\" content=\"image\/gif\" \/>\n<meta name=\"twitter:card\" content=\"summary_large_image\" \/>\n<meta name=\"twitter:label1\" content=\"Tiempo de lectura\" \/>\n\t<meta name=\"twitter:data1\" content=\"1 minuto\" \/>\n<script type=\"application\/ld+json\" class=\"yoast-schema-graph\">{\"@context\":\"https:\/\/schema.org\",\"@graph\":[{\"@type\":\"WebPage\",\"@id\":\"https:\/\/castelldencus.com\/producto\/invitacio-visita-a-castell-dencus\/\",\"url\":\"https:\/\/castelldencus.com\/producto\/invitacio-visita-a-castell-dencus\/\",\"name\":\"Invitaci\u00f3 visita a Castell d'Encus - Castell d\u2019Encus\",\"isPartOf\":{\"@id\":\"https:\/\/castelldencus.com\/#website\"},\"primaryImageOfPage\":{\"@id\":\"https:\/\/castelldencus.com\/producto\/invitacio-visita-a-castell-dencus\/#primaryimage\"},\"image\":{\"@id\":\"https:\/\/castelldencus.com\/producto\/invitacio-visita-a-castell-dencus\/#primaryimage\"},\"thumbnailUrl\":\"https:\/\/castelldencus.com\/wp-content\/uploads\/2024\/11\/Packcde__invitacion_24-1-scaled.gif\",\"datePublished\":\"2024-11-24T21:27:20+00:00\",\"dateModified\":\"2025-12-08T17:08:03+00:00\",\"breadcrumb\":{\"@id\":\"https:\/\/castelldencus.com\/producto\/invitacio-visita-a-castell-dencus\/#breadcrumb\"},\"inLanguage\":\"es\",\"potentialAction\":[{\"@type\":\"ReadAction\",\"target\":[\"https:\/\/castelldencus.com\/producto\/invitacio-visita-a-castell-dencus\/\"]}]},{\"@type\":\"ImageObject\",\"inLanguage\":\"es\",\"@id\":\"https:\/\/castelldencus.com\/producto\/invitacio-visita-a-castell-dencus\/#primaryimage\",\"url\":\"https:\/\/castelldencus.com\/wp-content\/uploads\/2024\/11\/Packcde__invitacion_24-1-scaled.gif\",\"contentUrl\":\"https:\/\/castelldencus.com\/wp-content\/uploads\/2024\/11\/Packcde__invitacion_24-1-scaled.gif\",\"width\":2228,\"height\":2560},{\"@type\":\"BreadcrumbList\",\"@id\":\"https:\/\/castelldencus.com\/producto\/invitacio-visita-a-castell-dencus\/#breadcrumb\",\"itemListElement\":[{\"@type\":\"ListItem\",\"position\":1,\"name\":\"Home\",\"item\":\"https:\/\/castelldencus.com\/es\/\"},{\"@type\":\"ListItem\",\"position\":2,\"name\":\"TIENDA\",\"item\":\"https:\/\/castelldencus.com\/es\/tienda\/\"},{\"@type\":\"ListItem\",\"position\":3,\"name\":\"Invitaci\u00f3 visita a Castell d&#8217;Encus\"}]},{\"@type\":\"WebSite\",\"@id\":\"https:\/\/castelldencus.com\/#website\",\"url\":\"https:\/\/castelldencus.com\/\",\"name\":\"Castell d\u2019Encus\",\"description\":\"Celler | Castell d&#039;Encus | Catalunya\",\"potentialAction\":[{\"@type\":\"SearchAction\",\"target\":{\"@type\":\"EntryPoint\",\"urlTemplate\":\"https:\/\/castelldencus.com\/?s={search_term_string}\"},\"query-input\":{\"@type\":\"PropertyValueSpecification\",\"valueRequired\":true,\"valueName\":\"search_term_string\"}}],\"inLanguage\":\"es\"}]}<\/script>\n<!-- \/ Yoast SEO plugin. -->","yoast_head_json":{"title":"Invitaci\u00f3 visita a Castell d'Encus - Castell d\u2019Encus","robots":{"index":"index","follow":"follow","max-snippet":"max-snippet:-1","max-image-preview":"max-image-preview:large","max-video-preview":"max-video-preview:-1"},"canonical":"https:\/\/castelldencus.com\/producto\/invitacio-visita-a-castell-dencus\/","og_locale":"es_ES","og_type":"article","og_title":"Invitaci\u00f3 visita a Castell d'Encus - Castell d\u2019Encus","og_description":"Regala una invitaci\u00f3 per a dues persones per visitar el nostre celler i gaudir d'un tast de 6 vins de Castell d'Encus. Adicionalment, podr\u00e0s seleccionar una de les nostres ampolles amb un obsequi personalitzat.  Invitaci\u00f3 disponible sense data l\u00edmit i amb confirmaci\u00f3 pr\u00e8via de la reserva amb el celler.  La proposta de regal inclou:   Invitaci\u00f3 per a dues persones per visita est\u00e0ndar que inclou tast de 6 vins.  Seleccionar una ampolla:   Ekam Ess\u00e8ncia  Ta\u00efka    Selecciona un obsequi personalitzat:   Llevataps fusta  Llevataps suro    Nota personalitzada amb el text que vulguis afegir, sino escribirem una nota d'agra\u00efment en nom teu.  El servei de preparaci\u00f3 i entrega es de 24H\/48H, segons dest\u00ed i hora de tramesa de la comanda.  Podr\u00e0s completar el nom de la persona del regal i el missatge que vols incloure al regal, en el moment de finalitzar la compra i pots afegir a la cistella altres vins i ho inclourem al Pack de regal.","og_url":"https:\/\/castelldencus.com\/producto\/invitacio-visita-a-castell-dencus\/","og_site_name":"Castell d\u2019Encus","article_modified_time":"2025-12-08T17:08:03+00:00","og_image":[{"width":891,"height":1024,"url":"https:\/\/castelldencus.com\/wp-content\/uploads\/2024\/11\/Packcde__invitacion_24-1-891x1024.gif","type":"image\/gif"}],"twitter_card":"summary_large_image","twitter_misc":{"Tiempo de lectura":"1 minuto"},"schema":{"@context":"https:\/\/schema.org","@graph":[{"@type":"WebPage","@id":"https:\/\/castelldencus.com\/producto\/invitacio-visita-a-castell-dencus\/","url":"https:\/\/castelldencus.com\/producto\/invitacio-visita-a-castell-dencus\/","name":"Invitaci\u00f3 visita a Castell d'Encus - Castell d\u2019Encus","isPartOf":{"@id":"https:\/\/castelldencus.com\/#website"},"primaryImageOfPage":{"@id":"https:\/\/castelldencus.com\/producto\/invitacio-visita-a-castell-dencus\/#primaryimage"},"image":{"@id":"https:\/\/castelldencus.com\/producto\/invitacio-visita-a-castell-dencus\/#primaryimage"},"thumbnailUrl":"https:\/\/castelldencus.com\/wp-content\/uploads\/2024\/11\/Packcde__invitacion_24-1-scaled.gif","datePublished":"2024-11-24T21:27:20+00:00","dateModified":"2025-12-08T17:08:03+00:00","breadcrumb":{"@id":"https:\/\/castelldencus.com\/producto\/invitacio-visita-a-castell-dencus\/#breadcrumb"},"inLanguage":"es","potentialAction":[{"@type":"ReadAction","target":["https:\/\/castelldencus.com\/producto\/invitacio-visita-a-castell-dencus\/"]}]},{"@type":"ImageObject","inLanguage":"es","@id":"https:\/\/castelldencus.com\/producto\/invitacio-visita-a-castell-dencus\/#primaryimage","url":"https:\/\/castelldencus.com\/wp-content\/uploads\/2024\/11\/Packcde__invitacion_24-1-scaled.gif","contentUrl":"https:\/\/castelldencus.com\/wp-content\/uploads\/2024\/11\/Packcde__invitacion_24-1-scaled.gif","width":2228,"height":2560},{"@type":"BreadcrumbList","@id":"https:\/\/castelldencus.com\/producto\/invitacio-visita-a-castell-dencus\/#breadcrumb","itemListElement":[{"@type":"ListItem","position":1,"name":"Home","item":"https:\/\/castelldencus.com\/es\/"},{"@type":"ListItem","position":2,"name":"TIENDA","item":"https:\/\/castelldencus.com\/es\/tienda\/"},{"@type":"ListItem","position":3,"name":"Invitaci\u00f3 visita a Castell d&#8217;Encus"}]},{"@type":"WebSite","@id":"https:\/\/castelldencus.com\/#website","url":"https:\/\/castelldencus.com\/","name":"Castell d\u2019Encus","description":"Celler | Castell d&#039;Encus | Catalunya","potentialAction":[{"@type":"SearchAction","target":{"@type":"EntryPoint","urlTemplate":"https:\/\/castelldencus.com\/?s={search_term_string}"},"query-input":{"@type":"PropertyValueSpecification","valueRequired":true,"valueName":"search_term_string"}}],"inLanguage":"es"}]}},"_links":{"self":[{"href":"https:\/\/castelldencus.com\/es\/wp-json\/wp\/v2\/product\/11645","targetHints":{"allow":["GET"]}}],"collection":[{"href":"https:\/\/castelldencus.com\/es\/wp-json\/wp\/v2\/product"}],"about":[{"href":"https:\/\/castelldencus.com\/es\/wp-json\/wp\/v2\/types\/product"}],"wp:featuredmedia":[{"embeddable":true,"href":"https:\/\/castelldencus.com\/es\/wp-json\/wp\/v2\/media\/11814"}],"wp:attachment":[{"href":"https:\/\/castelldencus.com\/es\/wp-json\/wp\/v2\/media?parent=11645"}],"wp:term":[{"taxonomy":"product_brand","embeddable":true,"href":"https:\/\/castelldencus.com\/es\/wp-json\/wp\/v2\/product_brand?post=11645"},{"taxonomy":"product_cat","embeddable":true,"href":"https:\/\/castelldencus.com\/es\/wp-json\/wp\/v2\/product_cat?post=11645"},{"taxonomy":"product_tag","embeddable":true,"href":"https:\/\/castelldencus.com\/es\/wp-json\/wp\/v2\/product_tag?post=11645"}],"curies":[{"name":"wp","href":"https:\/\/api.w.org\/{rel}","templated":true}]}}