{"id":11618,"date":"2024-11-24T20:07:10","date_gmt":"2024-11-24T20:07:10","guid":{"rendered":"https:\/\/castelldencus.com\/?post_type=product&#038;p=11618"},"modified":"2025-12-10T22:57:17","modified_gmt":"2025-12-10T22:57:17","slug":"invitacion-visita","status":"publish","type":"product","link":"https:\/\/castelldencus.com\/es\/producto\/invitacion-visita\/","title":{"rendered":"Invitaci\u00f3n visita a Castell d&#8217;Encus"},"content":{"rendered":"","protected":false},"excerpt":{"rendered":"<p>Regala una invitaci\u00f3n para dos personas para visitar nuestra bodega y disfrutar de una cata de 6 vinos de Castell d&#8217;Encus. Adicionalmente, podr\u00e1s seleccionar una de nuestras botellas con un obsequio personalizado.<\/p>\n<p>Invitaci\u00f3n disponible sin fecha l\u00edmite y previa confirmaci\u00f3n de la reserva con la bodega.<\/p>\n<p>La propuesta de regalo incluye:<\/p>\n<ul>\n<li>Invitaci\u00f3n para dos personas por visita est\u00e1ndar que incluye cata de 6 vinos.<\/li>\n<li>Seleccionar una botella:<br \/>\nEkam Esencia<br \/>\nTaika<\/li>\n<li>Selecciona un obsequio personalizado:<br \/>\nSacacorchos madera<br \/>\nSacacorchos corcho<br \/>\nRefrigerador corcho<\/li>\n<li>Nota personalizada con el texto que quieras a\u00f1adir, sino escribiremos una nota de agradecimiento en tu nombre.<\/li>\n<\/ul>\n<p>El servicio de preparaci\u00f3n y entrega es de 24H\/48H, seg\u00fan destino y hora de env\u00edo del pedido.<\/p>\n<p>Podr\u00e1s completar el nombre de la persona del regalo y el mensaje que quieres incluir en el regalo, en el momento de finalizar la compra y puedes a\u00f1adir a la cesta otros vinos y lo incluiremos en el Pack de regalo.<\/p>\n","protected":false},"featured_media":11817,"template":"","meta":{"_et_pb_use_builder":"off","_et_pb_old_content":"","_et_gb_content_width":""},"product_brand":[],"product_cat":[221],"product_tag":[],"class_list":{"0":"post-11618","1":"product","2":"type-product","3":"status-publish","4":"has-post-thumbnail","6":"product_cat-packs-es","8":"first","9":"instock","10":"shipping-taxable","11":"purchasable","12":"product-type-variable","13":"has-default-attributes"},"yoast_head":"<!-- This site is optimized with the Yoast SEO plugin v27.2 - https:\/\/yoast.com\/product\/yoast-seo-wordpress\/ -->\n<title>Invitaci\u00f3n visita a Castell d&#039;Encus - Castell d\u2019Encus<\/title>\n<meta name=\"robots\" content=\"index, follow, max-snippet:-1, max-image-preview:large, max-video-preview:-1\" \/>\n<link rel=\"canonical\" href=\"https:\/\/castelldencus.com\/es\/producto\/invitacion-visita\/\" \/>\n<meta property=\"og:locale\" content=\"es_ES\" \/>\n<meta property=\"og:type\" content=\"article\" \/>\n<meta property=\"og:title\" content=\"Invitaci\u00f3n visita a Castell d&#039;Encus - Castell d\u2019Encus\" \/>\n<meta property=\"og:description\" content=\"Regala una invitaci\u00f3n para dos personas para visitar nuestra bodega y disfrutar de una cata de 6 vinos de Castell d&#039;Encus. Adicionalmente, podr\u00e1s seleccionar una de nuestras botellas con un obsequio personalizado.  Invitaci\u00f3n disponible sin fecha l\u00edmite y previa confirmaci\u00f3n de la reserva con la bodega.  La propuesta de regalo incluye:   Invitaci\u00f3n para dos personas por visita est\u00e1ndar que incluye cata de 6 vinos.  Seleccionar una botella: Ekam Esencia Taika  Selecciona un obsequio personalizado: Sacacorchos madera Sacacorchos corcho Refrigerador corcho  Nota personalizada con el texto que quieras a\u00f1adir, sino escribiremos una nota de agradecimiento en tu nombre.  El servicio de preparaci\u00f3n y entrega es de 24H\/48H, seg\u00fan destino y hora de env\u00edo del pedido.  Podr\u00e1s completar el nombre de la persona del regalo y el mensaje que quieres incluir en el regalo, en el momento de finalizar la compra y puedes a\u00f1adir a la cesta otros vinos y lo incluiremos en el Pack de regalo.\" \/>\n<meta property=\"og:url\" content=\"https:\/\/castelldencus.com\/es\/producto\/invitacion-visita\/\" \/>\n<meta property=\"og:site_name\" content=\"Castell d\u2019Encus\" \/>\n<meta property=\"article:modified_time\" content=\"2025-12-10T22:57:17+00:00\" \/>\n<meta property=\"og:image\" content=\"https:\/\/castelldencus.com\/wp-content\/uploads\/2024\/11\/Packcde__invitacion_24-1-891x1024.gif\" \/>\n\t<meta property=\"og:image:width\" content=\"891\" \/>\n\t<meta property=\"og:image:height\" content=\"1024\" \/>\n\t<meta property=\"og:image:type\" content=\"image\/gif\" \/>\n<meta name=\"twitter:card\" content=\"summary_large_image\" \/>\n<meta name=\"twitter:label1\" content=\"Tiempo de lectura\" \/>\n\t<meta name=\"twitter:data1\" content=\"1 minuto\" \/>\n<script type=\"application\/ld+json\" class=\"yoast-schema-graph\">{\"@context\":\"https:\/\/schema.org\",\"@graph\":[{\"@type\":\"WebPage\",\"@id\":\"https:\/\/castelldencus.com\/es\/producto\/invitacion-visita\/\",\"url\":\"https:\/\/castelldencus.com\/es\/producto\/invitacion-visita\/\",\"name\":\"Invitaci\u00f3n visita a Castell d'Encus - Castell d\u2019Encus\",\"isPartOf\":{\"@id\":\"https:\/\/castelldencus.com\/#website\"},\"primaryImageOfPage\":{\"@id\":\"https:\/\/castelldencus.com\/es\/producto\/invitacion-visita\/#primaryimage\"},\"image\":{\"@id\":\"https:\/\/castelldencus.com\/es\/producto\/invitacion-visita\/#primaryimage\"},\"thumbnailUrl\":\"https:\/\/castelldencus.com\/wp-content\/uploads\/2024\/11\/Packcde__invitacion_24-1-scaled.gif\",\"datePublished\":\"2024-11-24T20:07:10+00:00\",\"dateModified\":\"2025-12-10T22:57:17+00:00\",\"breadcrumb\":{\"@id\":\"https:\/\/castelldencus.com\/es\/producto\/invitacion-visita\/#breadcrumb\"},\"inLanguage\":\"es\",\"potentialAction\":[{\"@type\":\"ReadAction\",\"target\":[\"https:\/\/castelldencus.com\/es\/producto\/invitacion-visita\/\"]}]},{\"@type\":\"ImageObject\",\"inLanguage\":\"es\",\"@id\":\"https:\/\/castelldencus.com\/es\/producto\/invitacion-visita\/#primaryimage\",\"url\":\"https:\/\/castelldencus.com\/wp-content\/uploads\/2024\/11\/Packcde__invitacion_24-1-scaled.gif\",\"contentUrl\":\"https:\/\/castelldencus.com\/wp-content\/uploads\/2024\/11\/Packcde__invitacion_24-1-scaled.gif\",\"width\":2228,\"height\":2560},{\"@type\":\"BreadcrumbList\",\"@id\":\"https:\/\/castelldencus.com\/es\/producto\/invitacion-visita\/#breadcrumb\",\"itemListElement\":[{\"@type\":\"ListItem\",\"position\":1,\"name\":\"Home\",\"item\":\"https:\/\/castelldencus.com\/es\/\"},{\"@type\":\"ListItem\",\"position\":2,\"name\":\"TIENDA\",\"item\":\"https:\/\/castelldencus.com\/es\/tienda\/\"},{\"@type\":\"ListItem\",\"position\":3,\"name\":\"Invitaci\u00f3n visita a Castell d&#8217;Encus\"}]},{\"@type\":\"WebSite\",\"@id\":\"https:\/\/castelldencus.com\/#website\",\"url\":\"https:\/\/castelldencus.com\/\",\"name\":\"Castell d\u2019Encus\",\"description\":\"Celler | Castell d&#039;Encus | Catalunya\",\"potentialAction\":[{\"@type\":\"SearchAction\",\"target\":{\"@type\":\"EntryPoint\",\"urlTemplate\":\"https:\/\/castelldencus.com\/?s={search_term_string}\"},\"query-input\":{\"@type\":\"PropertyValueSpecification\",\"valueRequired\":true,\"valueName\":\"search_term_string\"}}],\"inLanguage\":\"es\"}]}<\/script>\n<!-- \/ Yoast SEO plugin. -->","yoast_head_json":{"title":"Invitaci\u00f3n visita a Castell d'Encus - Castell d\u2019Encus","robots":{"index":"index","follow":"follow","max-snippet":"max-snippet:-1","max-image-preview":"max-image-preview:large","max-video-preview":"max-video-preview:-1"},"canonical":"https:\/\/castelldencus.com\/es\/producto\/invitacion-visita\/","og_locale":"es_ES","og_type":"article","og_title":"Invitaci\u00f3n visita a Castell d'Encus - Castell d\u2019Encus","og_description":"Regala una invitaci\u00f3n para dos personas para visitar nuestra bodega y disfrutar de una cata de 6 vinos de Castell d'Encus. Adicionalmente, podr\u00e1s seleccionar una de nuestras botellas con un obsequio personalizado.  Invitaci\u00f3n disponible sin fecha l\u00edmite y previa confirmaci\u00f3n de la reserva con la bodega.  La propuesta de regalo incluye:   Invitaci\u00f3n para dos personas por visita est\u00e1ndar que incluye cata de 6 vinos.  Seleccionar una botella: Ekam Esencia Taika  Selecciona un obsequio personalizado: Sacacorchos madera Sacacorchos corcho Refrigerador corcho  Nota personalizada con el texto que quieras a\u00f1adir, sino escribiremos una nota de agradecimiento en tu nombre.  El servicio de preparaci\u00f3n y entrega es de 24H\/48H, seg\u00fan destino y hora de env\u00edo del pedido.  Podr\u00e1s completar el nombre de la persona del regalo y el mensaje que quieres incluir en el regalo, en el momento de finalizar la compra y puedes a\u00f1adir a la cesta otros vinos y lo incluiremos en el Pack de regalo.","og_url":"https:\/\/castelldencus.com\/es\/producto\/invitacion-visita\/","og_site_name":"Castell d\u2019Encus","article_modified_time":"2025-12-10T22:57:17+00:00","og_image":[{"width":891,"height":1024,"url":"https:\/\/castelldencus.com\/wp-content\/uploads\/2024\/11\/Packcde__invitacion_24-1-891x1024.gif","type":"image\/gif"}],"twitter_card":"summary_large_image","twitter_misc":{"Tiempo de lectura":"1 minuto"},"schema":{"@context":"https:\/\/schema.org","@graph":[{"@type":"WebPage","@id":"https:\/\/castelldencus.com\/es\/producto\/invitacion-visita\/","url":"https:\/\/castelldencus.com\/es\/producto\/invitacion-visita\/","name":"Invitaci\u00f3n visita a Castell d'Encus - Castell d\u2019Encus","isPartOf":{"@id":"https:\/\/castelldencus.com\/#website"},"primaryImageOfPage":{"@id":"https:\/\/castelldencus.com\/es\/producto\/invitacion-visita\/#primaryimage"},"image":{"@id":"https:\/\/castelldencus.com\/es\/producto\/invitacion-visita\/#primaryimage"},"thumbnailUrl":"https:\/\/castelldencus.com\/wp-content\/uploads\/2024\/11\/Packcde__invitacion_24-1-scaled.gif","datePublished":"2024-11-24T20:07:10+00:00","dateModified":"2025-12-10T22:57:17+00:00","breadcrumb":{"@id":"https:\/\/castelldencus.com\/es\/producto\/invitacion-visita\/#breadcrumb"},"inLanguage":"es","potentialAction":[{"@type":"ReadAction","target":["https:\/\/castelldencus.com\/es\/producto\/invitacion-visita\/"]}]},{"@type":"ImageObject","inLanguage":"es","@id":"https:\/\/castelldencus.com\/es\/producto\/invitacion-visita\/#primaryimage","url":"https:\/\/castelldencus.com\/wp-content\/uploads\/2024\/11\/Packcde__invitacion_24-1-scaled.gif","contentUrl":"https:\/\/castelldencus.com\/wp-content\/uploads\/2024\/11\/Packcde__invitacion_24-1-scaled.gif","width":2228,"height":2560},{"@type":"BreadcrumbList","@id":"https:\/\/castelldencus.com\/es\/producto\/invitacion-visita\/#breadcrumb","itemListElement":[{"@type":"ListItem","position":1,"name":"Home","item":"https:\/\/castelldencus.com\/es\/"},{"@type":"ListItem","position":2,"name":"TIENDA","item":"https:\/\/castelldencus.com\/es\/tienda\/"},{"@type":"ListItem","position":3,"name":"Invitaci\u00f3n visita a Castell d&#8217;Encus"}]},{"@type":"WebSite","@id":"https:\/\/castelldencus.com\/#website","url":"https:\/\/castelldencus.com\/","name":"Castell d\u2019Encus","description":"Celler | Castell d&#039;Encus | Catalunya","potentialAction":[{"@type":"SearchAction","target":{"@type":"EntryPoint","urlTemplate":"https:\/\/castelldencus.com\/?s={search_term_string}"},"query-input":{"@type":"PropertyValueSpecification","valueRequired":true,"valueName":"search_term_string"}}],"inLanguage":"es"}]}},"_links":{"self":[{"href":"https:\/\/castelldencus.com\/es\/wp-json\/wp\/v2\/product\/11618","targetHints":{"allow":["GET"]}}],"collection":[{"href":"https:\/\/castelldencus.com\/es\/wp-json\/wp\/v2\/product"}],"about":[{"href":"https:\/\/castelldencus.com\/es\/wp-json\/wp\/v2\/types\/product"}],"wp:featuredmedia":[{"embeddable":true,"href":"https:\/\/castelldencus.com\/es\/wp-json\/wp\/v2\/media\/11817"}],"wp:attachment":[{"href":"https:\/\/castelldencus.com\/es\/wp-json\/wp\/v2\/media?parent=11618"}],"wp:term":[{"taxonomy":"product_brand","embeddable":true,"href":"https:\/\/castelldencus.com\/es\/wp-json\/wp\/v2\/product_brand?post=11618"},{"taxonomy":"product_cat","embeddable":true,"href":"https:\/\/castelldencus.com\/es\/wp-json\/wp\/v2\/product_cat?post=11618"},{"taxonomy":"product_tag","embeddable":true,"href":"https:\/\/castelldencus.com\/es\/wp-json\/wp\/v2\/product_tag?post=11618"}],"curies":[{"name":"wp","href":"https:\/\/api.w.org\/{rel}","templated":true}]}}